{"id":77,"date":"2026-02-25T15:51:00","date_gmt":"2026-02-25T15:51:00","guid":{"rendered":"https:\/\/luukaudenaerde.com\/?page_id=77"},"modified":"2026-03-02T07:43:50","modified_gmt":"2026-03-02T07:43:50","slug":"over-luuk","status":"publish","type":"page","link":"https:\/\/luukaudenaerde.com\/index.php\/over-luuk\/","title":{"rendered":"OVER LUUK"},"content":{"rendered":"\n<div class=\"wp-block-group alignfull has-global-padding is-layout-constrained wp-block-group-is-layout-constrained\">\n<div class=\"wp-block-columns alignwide is-layout-flex wp-container-core-columns-is-layout-a5017a17 wp-block-columns-is-layout-flex\" style=\"margin-top:0;margin-bottom:0;padding-top:0;padding-right:var(--wp--preset--spacing--40);padding-bottom:0;padding-left:var(--wp--preset--spacing--40)\">\n<div class=\"wp-block-column is-layout-flow wp-block-column-is-layout-flow\" style=\"font-size:clamp(14px, 0.875rem + ((1vw - 3.2px) * 0.196), 16px);flex-basis:35%\">\n<figure class=\"wp-block-image size-large\"><img loading=\"lazy\" decoding=\"async\" width=\"819\" height=\"1024\" src=\"https:\/\/luukaudenaerde.com\/wp-content\/uploads\/2026\/02\/LUUK-OPEN-DOEK-JUNE-2025-LEROY-VERBEET-1-819x1024.jpg\" alt=\"\" class=\"wp-image-240\" style=\"aspect-ratio:0.7998054965241509\" srcset=\"https:\/\/luukaudenaerde.com\/wp-content\/uploads\/2026\/02\/LUUK-OPEN-DOEK-JUNE-2025-LEROY-VERBEET-1-819x1024.jpg 819w, https:\/\/luukaudenaerde.com\/wp-content\/uploads\/2026\/02\/LUUK-OPEN-DOEK-JUNE-2025-LEROY-VERBEET-1-240x300.jpg 240w, https:\/\/luukaudenaerde.com\/wp-content\/uploads\/2026\/02\/LUUK-OPEN-DOEK-JUNE-2025-LEROY-VERBEET-1-768x960.jpg 768w, https:\/\/luukaudenaerde.com\/wp-content\/uploads\/2026\/02\/LUUK-OPEN-DOEK-JUNE-2025-LEROY-VERBEET-1-1229x1536.jpg 1229w, https:\/\/luukaudenaerde.com\/wp-content\/uploads\/2026\/02\/LUUK-OPEN-DOEK-JUNE-2025-LEROY-VERBEET-1-1639x2048.jpg 1639w, https:\/\/luukaudenaerde.com\/wp-content\/uploads\/2026\/02\/LUUK-OPEN-DOEK-JUNE-2025-LEROY-VERBEET-1-scaled.jpg 2048w\" sizes=\"auto, (max-width: 819px) 100vw, 819px\" \/><\/figure>\n\n\n\n<p>LUUK AUDENAERDE<br>info@luukaudenaerde <br>+31 6 57 65 43 55<\/p>\n\n\n\n<p><strong>ARTIKELEN<\/strong><\/p>\n\n\n\n<p style=\"font-size:0rem\"><a href=\"https:\/\/indyfilmlibrary.com\/2025\/09\/23\/nevenschade-moral-hazard-2025-5-stars\/\" target=\"_blank\" rel=\"noreferrer noopener\">Indy Film Library &#8211; Nevenschade 2025<\/a><\/p>\n\n\n\n<p><a href=\"https:\/\/meandermedia.nl\/portfolio\/gevoelig-eigenzinnig-en-vol-ideeen\/\" target=\"_blank\" rel=\"noreferrer noopener\">HSP magazine Interview 2024<\/a><\/p>\n\n\n\n<p><a href=\"https:\/\/www.ed.nl\/eindhoven\/veldhovenaar-maakt-film-over-wanhopige-zoektocht-naar-liefde-romcom-kan-ook-origineler~adfcdb0c\/?referrer=https%3A%2F%2Fwww.google.com%2F\" target=\"_blank\" rel=\"noreferrer noopener\">Eindhovens Dagblad &#8211; Manic Lover 2022<\/a><\/p>\n\n\n\n<p><a href=\"https:\/\/www.konkav.nl\/magazine\/nieuwe-konkaver-luuk-audenaerde-34179\" target=\"_blank\" rel=\"noreferrer noopener\">Nieuwe KONKAVer LuukAudenaerde &#8211; 2020 <\/a><\/p>\n<\/div>\n\n\n\n<div class=\"wp-block-column is-layout-flow wp-block-column-is-layout-flow\" style=\"flex-basis:60%\">\n<div class=\"wp-block-group is-layout-flow wp-block-group-is-layout-flow\" style=\"font-size:clamp(14px, 0.875rem + ((1vw - 3.2px) * 0.196), 16px);\">\n<p>Luuk Audenaerde (2001) is een autodidact scenarist en filmregisseur. Zijn korte films zijn geselecteerd voor divserse (inter)nationale filmfestivals. Sinds 2023 is hij lid van de <em>Dutch Directors Guild<\/em>. Na het behalen van zijn vwo-diploma in 2019 dook hij direct de filmwereld in. Zijn meest recente korte film, de thriller Nevenschade, ging in premi\u00e8re in de <em>M\u00e9li\u00e8s d&#8217;Argent competitie<\/em> van het <em>Imagine Fantastic Film Festival<\/em>.<\/p>\n\n\n\n<p>Luuks werk kenmerkt zich door een expressieve stijl, waarin hij de innerlijke werelden van complexe personages verbeeldt met een nauwgezette cameravoering en montage. Zijn verhalen gaan over rommelige, vaak tegenstrijdige personages die een innerlijke leegte proberen te vullen, maar daarin de plank mis slaan.<\/p>\n\n\n\n<p>Het is zijn ambitie om urgente Nederlandse crossover films schrijven, regisseren en soms ook (co-)produceren die artistiek en inhoudelijk gelaagd zijn zonder toegankelijkheid op te offeren.<\/p>\n\n\n\n<div class=\"wp-block-file\"><a id=\"wp-block-file--media-8e57b8e5-ecdc-4334-8759-e9e33dd7a740\" href=\"https:\/\/luukaudenaerde.com\/wp-content\/uploads\/2026\/02\/CV-02_2026-Luuk-Audenaerde.pdf\" target=\"_blank\" rel=\"noreferrer noopener\">CV 2026 &#8211; Download<\/a><\/div>\n\n\n\n<div style=\"height:60px\" aria-hidden=\"true\" class=\"wp-block-spacer\"><\/div>\n\n\n\n<div class=\"wp-block-group has-global-padding is-layout-constrained wp-block-group-is-layout-constrained\">\n<div class=\"wp-block-gslider-blocks-image-slider alignfull gslider-image-slider-wrapper gslider-image-slider-4c88f0e0 inside center has-pagination\" data-swiper-settings=\"{&quot;effect&quot;:&quot;slide&quot;,&quot;breakpoints&quot;:{&quot;0&quot;:{&quot;slidesPerView&quot;:1,&quot;spaceBetween&quot;:0,&quot;speed&quot;:800,&quot;autoplay&quot;:false,&quot;navigation&quot;:{&quot;enabled&quot;:true},&quot;pagination&quot;:{&quot;enabled&quot;:true}},&quot;768&quot;:{&quot;slidesPerView&quot;:1,&quot;spaceBetween&quot;:20,&quot;speed&quot;:800,&quot;autoplay&quot;:false,&quot;navigation&quot;:{&quot;enabled&quot;:true},&quot;pagination&quot;:{&quot;enabled&quot;:true}},&quot;1025&quot;:{&quot;slidesPerView&quot;:1,&quot;spaceBetween&quot;:20,&quot;speed&quot;:800,&quot;autoplay&quot;:false,&quot;navigation&quot;:{&quot;enabled&quot;:true},&quot;pagination&quot;:{&quot;enabled&quot;:true}}},&quot;loop&quot;:true,&quot;autoplay&quot;:false,&quot;allowTouchMove&quot;:true,&quot;mousewheel&quot;:false,&quot;keyboard&quot;:false,&quot;navigation&quot;:{&quot;enabled&quot;:true,&quot;nextEl&quot;:&quot;.swiper-button-next&quot;,&quot;prevEl&quot;:&quot;.swiper-button-prev&quot;},&quot;pagination&quot;:{&quot;enabled&quot;:true,&quot;el&quot;:&quot;.gslider-image-slider-4c88f0e0 .swiper-pagination-image-slider&quot;,&quot;type&quot;:&quot;bullets&quot;,&quot;dynamicBullets&quot;:false,&quot;clickable&quot;:true}}\"><div class=\"swiper\" role=\"region\" aria-label=\"Image Slider\"><div class=\"swiper-wrapper\"><div class=\"swiper-slide\"><div class=\"gslider-image-slider-content-wrapper \"><div class=\"gslider-image-item\" data-hover-effect=\"none\"><img decoding=\"async\" src=\"https:\/\/luukaudenaerde.com\/wp-content\/uploads\/2026\/02\/untitled-0062-scaled.jpg\" alt=\"image 1\" loading=\"lazy\"\/><\/div><\/div><\/div><div class=\"swiper-slide\"><div class=\"gslider-image-slider-content-wrapper \"><div class=\"gslider-image-item\" data-hover-effect=\"none\"><img decoding=\"async\" src=\"https:\/\/luukaudenaerde.com\/wp-content\/uploads\/2026\/02\/IMG_9978.jpg\" alt=\"image 2\" loading=\"lazy\"\/><\/div><\/div><\/div><div class=\"swiper-slide\"><div class=\"gslider-image-slider-content-wrapper \"><div class=\"gslider-image-item\" data-hover-effect=\"none\"><img decoding=\"async\" src=\"https:\/\/luukaudenaerde.com\/wp-content\/uploads\/2026\/02\/BTS_nevenschade-51-scaled.jpg\" alt=\"image 3\" loading=\"lazy\"\/><\/div><\/div><\/div><div class=\"swiper-slide\"><div class=\"gslider-image-slider-content-wrapper \"><div class=\"gslider-image-item\" data-hover-effect=\"none\"><img decoding=\"async\" src=\"https:\/\/luukaudenaerde.com\/wp-content\/uploads\/2026\/02\/IMG_8312.jpg\" alt=\"image 4\" loading=\"lazy\"\/><\/div><\/div><\/div><div class=\"swiper-slide\"><div class=\"gslider-image-slider-content-wrapper \"><div class=\"gslider-image-item\" data-hover-effect=\"none\"><img decoding=\"async\" src=\"https:\/\/luukaudenaerde.com\/wp-content\/uploads\/2026\/02\/DSC_0130-scaled.jpg\" alt=\"image 5\" loading=\"lazy\"\/><\/div><\/div><\/div><div class=\"swiper-slide\"><div class=\"gslider-image-slider-content-wrapper \"><div class=\"gslider-image-item\" data-hover-effect=\"none\"><img decoding=\"async\" src=\"https:\/\/luukaudenaerde.com\/wp-content\/uploads\/2026\/02\/DSC09519-scaled.jpg\" alt=\"image 6\" loading=\"lazy\"\/><\/div><\/div><\/div><div class=\"swiper-slide\"><div class=\"gslider-image-slider-content-wrapper \"><div class=\"gslider-image-item\" data-hover-effect=\"none\"><img decoding=\"async\" src=\"https:\/\/luukaudenaerde.com\/wp-content\/uploads\/2026\/02\/IMG_8261.jpg\" alt=\"image 7\" loading=\"lazy\"\/><\/div><\/div><\/div><div class=\"swiper-slide\"><div class=\"gslider-image-slider-content-wrapper \"><div class=\"gslider-image-item\" data-hover-effect=\"none\"><img decoding=\"async\" src=\"https:\/\/luukaudenaerde.com\/wp-content\/uploads\/2026\/02\/DSC09147-scaled.jpg\" alt=\"image 8\" loading=\"lazy\"\/><\/div><\/div><\/div><div class=\"swiper-slide\"><div class=\"gslider-image-slider-content-wrapper \"><div class=\"gslider-image-item\" data-hover-effect=\"none\"><img decoding=\"async\" src=\"https:\/\/luukaudenaerde.com\/wp-content\/uploads\/2026\/02\/BTS_nevenschade-48-scaled.jpg\" alt=\"image 9\" loading=\"lazy\"\/><\/div><\/div><\/div><\/div><div class=\"gslider-navigation-default-icon-wrapper inside center\"><div class=\"swiper-button-prev\" role=\"button\" tabindex=\"0\" aria-label=\"Previous slide\"><\/div><div class=\"swiper-button-next\" role=\"button\" tabindex=\"0\" aria-label=\"Next slide\"><\/div><\/div><\/div><div class=\"swiper-pagination swiper-pagination-image-slider swiper-pagination-gslider-image-slider-4c88f0e0\" aria-label=\"Carousel pagination\"><\/div><\/div>\n<\/div>\n<\/div>\n<\/div>\n<\/div>\n<\/div>\n","protected":false},"excerpt":{"rendered":"<p>LUUK AUDENAERDEinfo@luukaudenaerde +31 6 57 65 43 55 ARTIKELEN Indy Film Library &#8211; Nevenschade 2025 HSP magazine Interview 2024 Eindhovens Dagblad &#8211; Manic Lover 2022 Nieuwe KONKAVer LuukAudenaerde &#8211; 2020 Luuk Audenaerde (2001) is een autodidact scenarist en filmregisseur. Zijn korte films zijn geselecteerd voor divserse (inter)nationale filmfestivals. Sinds 2023 is hij lid van de [&hellip;]<\/p>\n","protected":false},"author":1,"featured_media":0,"parent":0,"menu_order":0,"comment_status":"closed","ping_status":"closed","template":"la-template","meta":{"footnotes":""},"class_list":["post-77","page","type-page","status-publish","hentry"],"_links":{"self":[{"href":"https:\/\/luukaudenaerde.com\/index.php\/wp-json\/wp\/v2\/pages\/77","targetHints":{"allow":["GET"]}}],"collection":[{"href":"https:\/\/luukaudenaerde.com\/index.php\/wp-json\/wp\/v2\/pages"}],"about":[{"href":"https:\/\/luukaudenaerde.com\/index.php\/wp-json\/wp\/v2\/types\/page"}],"author":[{"embeddable":true,"href":"https:\/\/luukaudenaerde.com\/index.php\/wp-json\/wp\/v2\/users\/1"}],"replies":[{"embeddable":true,"href":"https:\/\/luukaudenaerde.com\/index.php\/wp-json\/wp\/v2\/comments?post=77"}],"version-history":[{"count":26,"href":"https:\/\/luukaudenaerde.com\/index.php\/wp-json\/wp\/v2\/pages\/77\/revisions"}],"predecessor-version":[{"id":547,"href":"https:\/\/luukaudenaerde.com\/index.php\/wp-json\/wp\/v2\/pages\/77\/revisions\/547"}],"wp:attachment":[{"href":"https:\/\/luukaudenaerde.com\/index.php\/wp-json\/wp\/v2\/media?parent=77"}],"curies":[{"name":"wp","href":"https:\/\/api.w.org\/{rel}","templated":true}]}}